{"id":703,"date":"2020-12-10T19:44:39","date_gmt":"2020-12-10T22:44:39","guid":{"rendered":"https:\/\/www.ciasfe1.org\/website\/?page_id=703"},"modified":"2023-11-24T17:33:10","modified_gmt":"2023-11-24T20:33:10","slug":"rse","status":"publish","type":"page","link":"https:\/\/www.ciasfe1.org\/website\/rse\/","title":{"rendered":"RSE"},"content":{"rendered":"<div id=\"tdi_1_df6\" class=\"tdc-zone\"><div class=\"tdc_zone tdi_2_caf  wpb_row td-pb-row\"  >\n<style scoped>\n\n\/* custom css *\/\n.tdi_2_caf{\r\n                    min-height: 0;\r\n                }\n<\/style><div id=\"tdi_3_1c7\" class=\"tdc-row\"><div class=\"vc_row tdi_4_ccc  wpb_row td-pb-row\" >\n<style scoped>\n\n\/* custom css *\/\n.tdi_4_ccc{\r\n                    min-height: 0;\r\n                }\n<\/style><div class=\"vc_column tdi_6_111  wpb_column vc_column_container tdc-column td-pb-span12\">\n<style scoped>\n\n\/* custom css *\/\n.tdi_6_111{\r\n                    vertical-align: baseline;\r\n                }\n<\/style><div class=\"wpb_wrapper\"><div class=\"wpb_wrapper td_block_single_image td_block_wrap  td-no-img-custom-url td_block_wrap vc_single_image tdi_7_caa  td-single-image- td-pb-border-top td_block_template_4\"><a \r\n\t\t\tclass=\"td_single_image_bg\" \r\n\t\t\tstyle=\"background-image: url('https:\/\/www.ciasfe1.org\/website\/wp-content\/uploads\/2020\/12\/7-mejores-practicas-de-responsabilidad-social.jpg'); background-size: 100% auto; background-repeat: no-repeat; background-position: center center;\" \r\n\t\t\thref=\"#\"  \r\n\t\t\trel=\"bookmark\"><\/a>\n<style>\n\/* custom css *\/\n.tdi_7_caa .td_single_image_bg{\r\n\t\t\t\t\theight: 200px;\r\n\t\t\t\t\tpadding-bottom: 0;\r\n\t\t\t\t\r\n                    filter: brightness(1.1) contrast(1) saturate(1);\r\n                    transition: all 1s ease;\r\n                    -webkit-transition: all 1s ease;\r\n                }.tdi_7_caa:hover .td_single_image_bg:before{\r\n                    opacity: 0;\r\n                }@media (min-width: 1141px) {\r\n                    .tdi_7_caa:hover .td_single_image_bg {\r\n                        filter: brightness(1) contrast(1) saturate(1);\r\n                    }\r\n                }\n<\/style><\/div><div class=\"td_block_wrap td_block_text_with_title tdi_8_d1c tagdiv-type td-pb-border-top td_block_template_1\"  data-td-block-uid=\"tdi_8_d1c\" ><div class=\"td-block-title-wrap\"><h4 class=\"block-title td-block-title\"><span class=\"td-pulldown-size\">Responsabilidad Social Empresaria<\/span><\/h4><\/div><div class=\"td_mod_wrap td-fix-index\"><h3><strong>Generamos acciones enmarcadas en la Responsabilidad Social Empresarial (RSE)<\/strong><\/h3>\n<p>Como muchas organizaciones, nuestro Colegio se preocupa por ser una empresa socialmente responsable.<\/p>\n<p>Cuando hablamos de la responsabilidad social en s\u00ed, podemos definirla como el compromiso y las obligaciones que asumen los miembros de una comunidad entre ellos y, tambi\u00e9n, ante el resto de la comunidad como conjunto. Desde la Instituci\u00f3n entendemos que podemos acompa\u00f1ar a quienes hacen un bien por la comunidad y se ocupan de temas sustanciales.<\/p>\n<p>Al tomar en cuenta la responsabilidad social empresarial, las organizaciones impactan de manera directa e inmediata en la vida de los ciudadanos y las comunidades a trav\u00e9s de programas que impulsan el desarrollo econ\u00f3mico, la educaci\u00f3n y muchas otras causas sociales. Es cierto tambi\u00e9n que para\u00a0las organizaciones, contar con s\u00f3lidos programas de RSE y comunicarlos a los matriculados es un motivo de orgullo ya que nos hace sentir que estamos haciendo algo por la comunidad en la que estamos insertos.<\/p>\n<p><strong><br \/>\nFundaci\u00f3n del Hospital de Ni\u00f1os<\/strong><\/p>\n<p><img loading=\"lazy\" decoding=\"async\" class=\"size-full wp-image-707 alignright\" src=\"https:\/\/www.ciasfe1.org\/website\/wp-content\/uploads\/2020\/12\/fundacion_hospital_de_ninos.png\" alt=\"\" width=\"224\" height=\"224\" srcset=\"https:\/\/www.ciasfe1.org\/website\/wp-content\/uploads\/2020\/12\/fundacion_hospital_de_ninos.png 224w, https:\/\/www.ciasfe1.org\/website\/wp-content\/uploads\/2020\/12\/fundacion_hospital_de_ninos-150x150.png 150w\" sizes=\"auto, (max-width: 224px) 100vw, 224px\" \/><\/p>\n<p>Colaboramos como padrinos y con lo recaudado, anualmente la Fundaci\u00f3n compra insumos o \u00a0adquiere bibliograf\u00eda cient\u00edfica de acuerdo a las sugerencias del Hospital.<\/p>\n<p>Son distintas acciones que contribuyen a la salud p\u00fablica en el \u00e1mbito del Alassia.<\/p>\n<p><strong>Padrinos UNL<\/strong><\/p>\n<p>Es una forma de contribuir con la formaci\u00f3n acad\u00e9mica de la universidad p\u00fablica y hacer posibles acciones para ayudar a quienes eligen formarse en esta casa de altos estudios. El apoyo se dirige principalmente a promover el sector agropecuario. Nos convertimos en padrinos con el n\u00famero 66 en 2007 y desde ese momento seguimos acompa\u00f1ando.<\/p>\n<p><img loading=\"lazy\" decoding=\"async\" class=\"alignnone size-full wp-image-706\" src=\"https:\/\/www.ciasfe1.org\/website\/wp-content\/uploads\/2020\/12\/padrinos_UNL.png\" alt=\"\" width=\"740\" height=\"555\" srcset=\"https:\/\/www.ciasfe1.org\/website\/wp-content\/uploads\/2020\/12\/padrinos_UNL.png 740w, https:\/\/www.ciasfe1.org\/website\/wp-content\/uploads\/2020\/12\/padrinos_UNL-300x225.png 300w, https:\/\/www.ciasfe1.org\/website\/wp-content\/uploads\/2020\/12\/padrinos_UNL-696x522.png 696w, https:\/\/www.ciasfe1.org\/website\/wp-content\/uploads\/2020\/12\/padrinos_UNL-560x420.png 560w, https:\/\/www.ciasfe1.org\/website\/wp-content\/uploads\/2020\/12\/padrinos_UNL-80x60.png 80w, https:\/\/www.ciasfe1.org\/website\/wp-content\/uploads\/2020\/12\/padrinos_UNL-265x198.png 265w\" sizes=\"auto, (max-width: 740px) 100vw, 740px\" \/><\/p>\n<p>Estamos muy contentos de comunicarles estas acciones. Son m\u00ednimas contribuciones que significan mucho para sus destinatarios y tambi\u00e9n para nosotros como instituci\u00f3n.<\/p>\n<p>El compromiso asumido desde las Instituciones con otros que lo necesitan nos permite hacer de este mundo un lugar mejor.<\/p>\n<p><strong>RECONOCIMIENTO A PADRINOS DE LA FUNDACI\u00d3N DEL HOSPITAL DE NI\u00d1OS<\/strong><\/p>\n<p>Como instituci\u00f3n, generamos acciones enmarcadas en la Responsabilidad Social Empresarial (RSE).<\/p>\n<p><img loading=\"lazy\" decoding=\"async\" class=\"size-large wp-image-2342 alignleft\" src=\"https:\/\/www.ciasfe1.org\/website\/wp-content\/uploads\/2023\/11\/Padrinos-2023-e1700857308302-1024x926.jpg\" alt=\"\" width=\"696\" height=\"629\" srcset=\"https:\/\/www.ciasfe1.org\/website\/wp-content\/uploads\/2023\/11\/Padrinos-2023-e1700857308302-1024x926.jpg 1024w, https:\/\/www.ciasfe1.org\/website\/wp-content\/uploads\/2023\/11\/Padrinos-2023-e1700857308302-300x271.jpg 300w, https:\/\/www.ciasfe1.org\/website\/wp-content\/uploads\/2023\/11\/Padrinos-2023-e1700857308302-768x694.jpg 768w, https:\/\/www.ciasfe1.org\/website\/wp-content\/uploads\/2023\/11\/Padrinos-2023-e1700857308302-696x629.jpg 696w, https:\/\/www.ciasfe1.org\/website\/wp-content\/uploads\/2023\/11\/Padrinos-2023-e1700857308302-1068x966.jpg 1068w, https:\/\/www.ciasfe1.org\/website\/wp-content\/uploads\/2023\/11\/Padrinos-2023-e1700857308302-465x420.jpg 465w, https:\/\/www.ciasfe1.org\/website\/wp-content\/uploads\/2023\/11\/Padrinos-2023-e1700857308302.jpg 1200w\" sizes=\"auto, (max-width: 696px) 100vw, 696px\" \/><\/p>\n<p>En ese marco, participamos de un reconocimiento realizado por la Fundaci\u00f3n del Hospital de Ni\u00f1os y estamos muy agradecidos. En representaci\u00f3n del #Ciasfe1 estuvo presente el presidente Ing. Agr. Oscar Aschieri, Mat Prof. 82-1-0563.<\/p>\n<p>Colaboramos como padrinos desde hace a\u00f1os, celebrando lo realizado con lo recaudado que se destina a la compra de insumos o para la adquisici\u00f3n bibliogr\u00e1fica cient\u00edfica de acuerdo a las sugerencias del nosocomio.<\/p>\n<p>Gracias por este momento tan importante y que queremos compartir con los colegas.<\/p>\n<\/div><\/div><\/div><\/div><\/div><\/div><\/div><\/div>\r\n\r\n&nbsp;","protected":false},"excerpt":{"rendered":"<p>&nbsp;<\/p>\n","protected":false},"author":1,"featured_media":0,"parent":0,"menu_order":0,"comment_status":"closed","ping_status":"open","template":"","meta":{"footnotes":""},"class_list":["post-703","page","type-page","status-publish"],"_links":{"self":[{"href":"https:\/\/www.ciasfe1.org\/website\/wp-json\/wp\/v2\/pages\/703","targetHints":{"allow":["GET"]}}],"collection":[{"href":"https:\/\/www.ciasfe1.org\/website\/wp-json\/wp\/v2\/pages"}],"about":[{"href":"https:\/\/www.ciasfe1.org\/website\/wp-json\/wp\/v2\/types\/page"}],"author":[{"embeddable":true,"href":"https:\/\/www.ciasfe1.org\/website\/wp-json\/wp\/v2\/users\/1"}],"replies":[{"embeddable":true,"href":"https:\/\/www.ciasfe1.org\/website\/wp-json\/wp\/v2\/comments?post=703"}],"version-history":[{"count":8,"href":"https:\/\/www.ciasfe1.org\/website\/wp-json\/wp\/v2\/pages\/703\/revisions"}],"predecessor-version":[{"id":2349,"href":"https:\/\/www.ciasfe1.org\/website\/wp-json\/wp\/v2\/pages\/703\/revisions\/2349"}],"wp:attachment":[{"href":"https:\/\/www.ciasfe1.org\/website\/wp-json\/wp\/v2\/media?parent=703"}],"curies":[{"name":"wp","href":"https:\/\/api.w.org\/{rel}","templated":true}]}}