{"id":603,"date":"2020-12-03T17:36:08","date_gmt":"2020-12-03T20:36:08","guid":{"rendered":"https:\/\/www.ciasfe1.org\/website\/?page_id=603"},"modified":"2020-12-10T17:05:21","modified_gmt":"2020-12-10T20:05:21","slug":"caja-de-ingenieria-y-afip","status":"publish","type":"page","link":"https:\/\/www.ciasfe1.org\/website\/caja-de-ingenieria-y-afip\/","title":{"rendered":"Caja de Ingenier\u00eda y AFIP"},"content":{"rendered":"<div id=\"tdi_1_50a\" class=\"tdc-zone\"><div class=\"tdc_zone tdi_2_ab0  wpb_row td-pb-row\"  >\n<style scoped>\n\n\/* custom css *\/\n.tdi_2_ab0{\r\n                    min-height: 0;\r\n                }\n<\/style><div id=\"tdi_3_763\" class=\"tdc-row\"><div class=\"vc_row tdi_4_656  wpb_row td-pb-row\" >\n<style scoped>\n\n\/* custom css *\/\n.tdi_4_656{\r\n                    min-height: 0;\r\n                }\n<\/style><div class=\"vc_column tdi_6_33c  wpb_column vc_column_container tdc-column td-pb-span12\">\n<style scoped>\n\n\/* custom css *\/\n.tdi_6_33c{\r\n                    vertical-align: baseline;\r\n                }\n<\/style><div class=\"wpb_wrapper\"><div class=\"wpb_wrapper td_block_single_image td_block_wrap  td-no-img-custom-url td_block_wrap vc_single_image tdi_7_56e  td-single-image- td-pb-border-top td_block_template_4\"><a \r\n\t\t\tclass=\"td_single_image_bg\" \r\n\t\t\tstyle=\"background-image: url('https:\/\/www.ciasfe1.org\/website\/wp-content\/uploads\/2020\/04\/7771.jpg'); background-size: 100% auto; background-repeat: no-repeat; background-position: center center;\" \r\n\t\t\thref=\"#\"  \r\n\t\t\trel=\"bookmark\"><\/a>\n<style>\n\/* custom css *\/\n.tdi_7_56e .td_single_image_bg{\r\n\t\t\t\t\theight: 200px;\r\n\t\t\t\t\tpadding-bottom: 0;\r\n\t\t\t\t\r\n                    filter: brightness(1.1) contrast(1) saturate(1);\r\n                    transition: all 1s ease;\r\n                    -webkit-transition: all 1s ease;\r\n                }.tdi_7_56e:hover .td_single_image_bg:before{\r\n                    opacity: 0;\r\n                }@media (min-width: 1141px) {\r\n                    .tdi_7_56e:hover .td_single_image_bg {\r\n                        filter: brightness(1) contrast(1) saturate(1);\r\n                    }\r\n                }\n<\/style><\/div><div class=\"td_block_wrap td_block_text_with_title tdi_8_cc5 tagdiv-type td-pb-border-top td_block_template_1\"  data-td-block-uid=\"tdi_8_cc5\" ><div class=\"td-block-title-wrap\"><h4 class=\"block-title td-block-title\"><span class=\"td-pulldown-size\">Caja de Ingenier\u00eda y AFIP<\/span><\/h4><\/div><div class=\"td_mod_wrap td-fix-index\"><p>\u00a0<\/p>\n<p><strong>Adem\u00e1s del requisito de estar matriculado, para el ejercicio profesional legalmente encuadrado, se requiere estar inscripto:<\/strong><\/p>\n<ol>\n<li>Caja de Ingenier\u00eda de cada circunscripci\u00f3n. El Colegio informa mensualmente las altas y bajas de las matr\u00edculas.<\/li>\n<li><u><a href=\"http:\/\/www.afip.gob.ar\/profesionales\/\" target=\"_blank\" rel=\"noopener noreferrer\">AFIP<\/a><\/u>\u00a0&#8211; Para tramitar el CUIT se requiere el Certificado de Matriculaci\u00f3n, emitido por el CIASFE.<\/li>\n<\/ol>\n<p>\u00a0<\/p>\n<p>\u00a0<\/p>\n<\/div><\/div><\/div><\/div><\/div><\/div><\/div><\/div>","protected":false},"excerpt":{"rendered":"","protected":false},"author":1,"featured_media":0,"parent":0,"menu_order":0,"comment_status":"closed","ping_status":"open","template":"","meta":{"footnotes":""},"class_list":["post-603","page","type-page","status-publish"],"_links":{"self":[{"href":"https:\/\/www.ciasfe1.org\/website\/wp-json\/wp\/v2\/pages\/603","targetHints":{"allow":["GET"]}}],"collection":[{"href":"https:\/\/www.ciasfe1.org\/website\/wp-json\/wp\/v2\/pages"}],"about":[{"href":"https:\/\/www.ciasfe1.org\/website\/wp-json\/wp\/v2\/types\/page"}],"author":[{"embeddable":true,"href":"https:\/\/www.ciasfe1.org\/website\/wp-json\/wp\/v2\/users\/1"}],"replies":[{"embeddable":true,"href":"https:\/\/www.ciasfe1.org\/website\/wp-json\/wp\/v2\/comments?post=603"}],"version-history":[{"count":4,"href":"https:\/\/www.ciasfe1.org\/website\/wp-json\/wp\/v2\/pages\/603\/revisions"}],"predecessor-version":[{"id":702,"href":"https:\/\/www.ciasfe1.org\/website\/wp-json\/wp\/v2\/pages\/603\/revisions\/702"}],"wp:attachment":[{"href":"https:\/\/www.ciasfe1.org\/website\/wp-json\/wp\/v2\/media?parent=603"}],"curies":[{"name":"wp","href":"https:\/\/api.w.org\/{rel}","templated":true}]}}