{"id":597,"date":"2020-12-03T17:31:18","date_gmt":"2020-12-03T20:31:18","guid":{"rendered":"https:\/\/www.ciasfe1.org\/website\/?page_id=597"},"modified":"2025-06-17T08:52:06","modified_gmt":"2025-06-17T11:52:06","slug":"valor-matricula","status":"publish","type":"page","link":"https:\/\/www.ciasfe1.org\/website\/valor-matricula\/","title":{"rendered":"Valor Matr\u00edcula"},"content":{"rendered":"<div id=\"tdi_1_433\" class=\"tdc-zone\"><div class=\"tdc_zone tdi_2_776  wpb_row td-pb-row\"  >\n<style scoped>\n\n\/* custom css *\/\n.tdi_2_776{\r\n                    min-height: 0;\r\n                }\n<\/style><div id=\"tdi_3_4b4\" class=\"tdc-row\"><div class=\"vc_row tdi_4_994  wpb_row td-pb-row\" >\n<style scoped>\n\n\/* custom css *\/\n.tdi_4_994{\r\n                    min-height: 0;\r\n                }\n<\/style><div class=\"vc_column tdi_6_949  wpb_column vc_column_container tdc-column td-pb-span12\">\n<style scoped>\n\n\/* custom css *\/\n.tdi_6_949{\r\n                    vertical-align: baseline;\r\n                }\n<\/style><div class=\"wpb_wrapper\"><div class=\"wpb_wrapper td_block_single_image td_block_wrap  td-no-img-custom-url td_block_wrap vc_single_image tdi_7_933  td-single-image- td-pb-border-top td_block_template_4\"><a \r\n\t\t\tclass=\"td_single_image_bg\" \r\n\t\t\tstyle=\"background-image: url('https:\/\/www.ciasfe1.org\/website\/wp-content\/uploads\/2020\/12\/e-learning-business.jpg'); background-size: 100% auto; background-repeat: no-repeat; background-position: center center;\" \r\n\t\t\thref=\"#\"  \r\n\t\t\trel=\"bookmark\"><\/a>\n<style>\n\/* custom css *\/\n.tdi_7_933 .td_single_image_bg{\r\n\t\t\t\t\theight: 100px;\r\n\t\t\t\t\tpadding-bottom: 0;\r\n\t\t\t\t\r\n                    filter: brightness(1.1) contrast(1) saturate(1);\r\n                    transition: all 1s ease;\r\n                    -webkit-transition: all 1s ease;\r\n                }.tdi_7_933:hover .td_single_image_bg:before{\r\n                    opacity: 0;\r\n                }@media (min-width: 1141px) {\r\n                    .tdi_7_933:hover .td_single_image_bg {\r\n                        filter: brightness(1) contrast(1) saturate(1);\r\n                    }\r\n                }\n<\/style><\/div><div class=\"td_block_wrap td_block_text_with_title tdi_8_914 tagdiv-type td-pb-border-top td_block_template_1\"  data-td-block-uid=\"tdi_8_914\" ><div class=\"td-block-title-wrap\"><h4 class=\"block-title td-block-title\"><span class=\"td-pulldown-size\">Valor Matr\u00edcula<\/span><\/h4><\/div><div class=\"td_mod_wrap td-fix-index\"><p>&nbsp;<\/p>\n<table class=\"c34\" style=\"height: 840px;\" width=\"660\">\n<tbody>\n<tr class=\"c29\">\n<td class=\"c21\" colspan=\"1\" rowspan=\"1\">\n<p class=\"c14\"><strong><span class=\"c12\" style=\"color: #339966;\">Inscripci\u00f3n de nuevos profesionales:<\/span><\/strong><\/p>\n<\/td>\n<td class=\"c15\" colspan=\"1\" rowspan=\"1\">\n<p class=\"c14\"><strong><span class=\"c20\">$ 15.000.-<\/span><\/strong><\/p>\n<\/td>\n<\/tr>\n<tr class=\"c25\">\n<td class=\"c21\" colspan=\"1\" rowspan=\"1\"><strong><span class=\"c12\" style=\"color: #339966;\">MATRICULA 2025*<\/span><\/strong><\/td>\n<td class=\"c15\" colspan=\"1\" rowspan=\"1\"><strong>ENERO:<\/strong>\u00a0 \u00a0 \u00a0 $ 182.000,00<br \/>\n<strong>FEBRERO:\u00a0<\/strong> $ 186.000,00<br \/>\n<strong>MARZO:<\/strong>\u00a0 \u00a0 \u00a0$ 190.000,00<br \/>\n<strong>ABRIL:\u00a0 \u00a0 \u00a0\u00a0<\/strong> $ 194.000,00<br \/>\n<strong>MAYO:\u00a0 \u00a0 \u00a0\u00a0<\/strong>\u00a0 $ 201.000,00<br \/>\n<strong>JUNIO:\u00a0 \u00a0 \u00a0\u00a0<\/strong> $ 206.000,00<br \/>\n<strong>JULIO:\u00a0 \u00a0 \u00a0\u00a0<\/strong> &#8211;<em>(el valor se ir\u00e1 actualizando seg\u00fan IPC mes a mes).<\/em><\/td>\n<\/tr>\n<tr class=\"c29\">\n<td class=\"c21\" colspan=\"1\" rowspan=\"1\">\n<p class=\"c14\"><strong><span class=\"c12\" style=\"color: #339966;\">Matr\u00edcula semiplena:<\/span><\/strong><\/p>\n<p class=\"c14\"><span style=\"color: #339966;\"><strong><span class=\"c12\">Matr\u00edcula reci\u00e9n graduados:<\/span><\/strong><\/span><\/p>\n<\/td>\n<td class=\"c15\" colspan=\"1\" rowspan=\"1\">\n<p class=\"c14\"><span class=\"c12\">100% de la matr\u00edcula vigente.<\/span><\/p>\n<p class=\"c14\"><span class=\"c12\">Primer a\u00f1o: exento (desde aprobaci\u00f3n de \u00faltima materia)<\/span><\/p>\n<\/td>\n<\/tr>\n<\/tbody>\n<\/table>\n<p class=\"c11\"><span class=\"c12\">\u00a0<\/span><\/p>\n<p class=\"c11\"><span class=\"c22\">\u00a0<a href=\"https:\/\/www.ciasfe1.org\/website\/category\/normativas\/resoluciones-decretos\/\">Ver en Resoluciones &#8211; <\/a><\/span><strong><span class=\"c22 c26\">Res. Directorio Provincial &#8211;<\/span><\/strong><span class=\"c4\"><strong> Valor de la matr\u00edcula\u00a0<\/strong><\/span><\/p>\n<\/div><\/div><\/div><\/div><\/div><\/div><\/div><\/div>","protected":false},"excerpt":{"rendered":"","protected":false},"author":1,"featured_media":0,"parent":0,"menu_order":0,"comment_status":"closed","ping_status":"open","template":"","meta":{"footnotes":""},"class_list":["post-597","page","type-page","status-publish"],"_links":{"self":[{"href":"https:\/\/www.ciasfe1.org\/website\/wp-json\/wp\/v2\/pages\/597","targetHints":{"allow":["GET"]}}],"collection":[{"href":"https:\/\/www.ciasfe1.org\/website\/wp-json\/wp\/v2\/pages"}],"about":[{"href":"https:\/\/www.ciasfe1.org\/website\/wp-json\/wp\/v2\/types\/page"}],"author":[{"embeddable":true,"href":"https:\/\/www.ciasfe1.org\/website\/wp-json\/wp\/v2\/users\/1"}],"replies":[{"embeddable":true,"href":"https:\/\/www.ciasfe1.org\/website\/wp-json\/wp\/v2\/comments?post=597"}],"version-history":[{"count":30,"href":"https:\/\/www.ciasfe1.org\/website\/wp-json\/wp\/v2\/pages\/597\/revisions"}],"predecessor-version":[{"id":3123,"href":"https:\/\/www.ciasfe1.org\/website\/wp-json\/wp\/v2\/pages\/597\/revisions\/3123"}],"wp:attachment":[{"href":"https:\/\/www.ciasfe1.org\/website\/wp-json\/wp\/v2\/media?parent=597"}],"curies":[{"name":"wp","href":"https:\/\/api.w.org\/{rel}","templated":true}]}}