{"id":586,"date":"2020-12-03T16:53:30","date_gmt":"2020-12-03T19:53:30","guid":{"rendered":"https:\/\/www.ciasfe1.org\/website\/?page_id=586"},"modified":"2021-10-16T11:30:11","modified_gmt":"2021-10-16T14:30:11","slug":"matriculacion-y-ejercicio-profesional","status":"publish","type":"page","link":"https:\/\/www.ciasfe1.org\/website\/matriculacion-y-ejercicio-profesional\/","title":{"rendered":"Matriculaci\u00f3n y Ejercicio Profesional"},"content":{"rendered":"<div id=\"tdi_1_c56\" class=\"tdc-zone\"><div class=\"tdc_zone tdi_2_66a  wpb_row td-pb-row\"  >\n<style scoped>\n\n\/* custom css *\/\n.tdi_2_66a{\r\n                    min-height: 0;\r\n                }\n<\/style><div id=\"tdi_3_eda\" class=\"tdc-row\"><div class=\"vc_row tdi_4_06d  wpb_row td-pb-row\" >\n<style scoped>\n\n\/* custom css *\/\n.tdi_4_06d{\r\n                    min-height: 0;\r\n                }\n<\/style><div class=\"vc_column tdi_6_69d  wpb_column vc_column_container tdc-column td-pb-span12\">\n<style scoped>\n\n\/* custom css *\/\n.tdi_6_69d{\r\n                    vertical-align: baseline;\r\n                }\n<\/style><div class=\"wpb_wrapper\"><div class=\"wpb_wrapper td_block_single_image td_block_wrap  td-no-img-custom-url td_block_wrap vc_single_image tdi_7_1b6  td-single-image- td-pb-border-top td_block_template_4\"><a \r\n\t\t\tclass=\"td_single_image_bg\" \r\n\t\t\tstyle=\"background-image: url('https:\/\/www.ciasfe1.org\/website\/wp-content\/uploads\/2021\/10\/136400050_2224459587687707_8931863417833371913_n.jpg'); background-size: 100% auto; background-repeat: no-repeat; background-position: center top;\" \r\n\t\t\thref=\"#\"  \r\n\t\t\trel=\"bookmark\"><\/a>\n<style>\n\/* custom css *\/\n.tdi_7_1b6 .td_single_image_bg{\r\n\t\t\t\t\theight: 400px;\r\n\t\t\t\t\tpadding-bottom: 0;\r\n\t\t\t\t\r\n                    filter: brightness(1.1) contrast(1) saturate(1);\r\n                    transition: all 1s ease;\r\n                    -webkit-transition: all 1s ease;\r\n                }.tdi_7_1b6:hover .td_single_image_bg:before{\r\n                    opacity: 0;\r\n                }@media (min-width: 1141px) {\r\n                    .tdi_7_1b6:hover .td_single_image_bg {\r\n                        filter: brightness(1) contrast(1) saturate(1);\r\n                    }\r\n                }\n<\/style><\/div><div class=\"td_block_wrap td_block_text_with_title tdi_8_0ea tagdiv-type td-pb-border-top td_block_template_1\"  data-td-block-uid=\"tdi_8_0ea\" ><div class=\"td-block-title-wrap\"><h4 class=\"block-title td-block-title\"><span class=\"td-pulldown-size\">Matriculaci\u00f3n y Ejercicio Profesional<\/span><\/h4><\/div><div class=\"td_mod_wrap td-fix-index\"><p>El ejercicio profesional es la aplicaci\u00f3n de los conocimientos adquiridos en la Universidad para prestar servicios a terceros (incluyendo a toda la sociedad).<\/p>\n<p>El control del ejercicio \u00e9tico de la profesi\u00f3n y de la matr\u00edcula de los Ingenieros Agr\u00f3nomos ha sido delegado por el Estado Provincial al Colegio Profesional creado por la Ley 10.780.<\/p>\n<p>Por lo tanto, es mandatorio estar matriculado en el Colegio Profesional de Ingenieros Agr\u00f3nomos para ejercer la profesi\u00f3n en todo el territorio de la Provincia de Santa fe<\/p>\n<p>Este Colegio Profesional ejerce una doble funci\u00f3n:<\/p>\n<ul>\n<li>Interna (hacia sus pares): definiendo en sus estatutos los derechos y obligaciones que los profesionales matriculados deben observar y cumplir.<\/li>\n<li>Externa (hacia la sociedad): controlando debidamente el ejercicio de la profesi\u00f3n.<\/li>\n<\/ul>\n<\/div><\/div><\/div><\/div><\/div><\/div><\/div><\/div>","protected":false},"excerpt":{"rendered":"","protected":false},"author":1,"featured_media":616,"parent":0,"menu_order":0,"comment_status":"closed","ping_status":"open","template":"","meta":{"footnotes":""},"class_list":["post-586","page","type-page","status-publish","has-post-thumbnail"],"_links":{"self":[{"href":"https:\/\/www.ciasfe1.org\/website\/wp-json\/wp\/v2\/pages\/586","targetHints":{"allow":["GET"]}}],"collection":[{"href":"https:\/\/www.ciasfe1.org\/website\/wp-json\/wp\/v2\/pages"}],"about":[{"href":"https:\/\/www.ciasfe1.org\/website\/wp-json\/wp\/v2\/types\/page"}],"author":[{"embeddable":true,"href":"https:\/\/www.ciasfe1.org\/website\/wp-json\/wp\/v2\/users\/1"}],"replies":[{"embeddable":true,"href":"https:\/\/www.ciasfe1.org\/website\/wp-json\/wp\/v2\/comments?post=586"}],"version-history":[{"count":8,"href":"https:\/\/www.ciasfe1.org\/website\/wp-json\/wp\/v2\/pages\/586\/revisions"}],"predecessor-version":[{"id":1266,"href":"https:\/\/www.ciasfe1.org\/website\/wp-json\/wp\/v2\/pages\/586\/revisions\/1266"}],"wp:featuredmedia":[{"embeddable":true,"href":"https:\/\/www.ciasfe1.org\/website\/wp-json\/wp\/v2\/media\/616"}],"wp:attachment":[{"href":"https:\/\/www.ciasfe1.org\/website\/wp-json\/wp\/v2\/media?parent=586"}],"curies":[{"name":"wp","href":"https:\/\/api.w.org\/{rel}","templated":true}]}}