{"id":525,"date":"2020-12-01T13:59:07","date_gmt":"2020-12-01T16:59:07","guid":{"rendered":"https:\/\/www.ciasfe1.org\/website\/?page_id=525"},"modified":"2021-03-29T14:00:23","modified_gmt":"2021-03-29T17:00:23","slug":"primera-circunscripcion","status":"publish","type":"page","link":"https:\/\/www.ciasfe1.org\/website\/primera-circunscripcion\/","title":{"rendered":"Primera Circunscripci\u00f3n"},"content":{"rendered":"<div id=\"tdi_1_608\" class=\"tdc-zone\"><div class=\"tdc_zone tdi_2_887  wpb_row td-pb-row\"  >\n<style scoped>\n\n\/* custom css *\/\n.tdi_2_887{\r\n                    min-height: 0;\r\n                }\n<\/style><div id=\"tdi_3_d97\" class=\"tdc-row\"><div class=\"vc_row tdi_4_d95  wpb_row td-pb-row\" >\n<style scoped>\n\n\/* custom css *\/\n.tdi_4_d95{\r\n                    min-height: 0;\r\n                }\n<\/style><div class=\"vc_column tdi_6_f7a  wpb_column vc_column_container tdc-column td-pb-span12\">\n<style scoped>\n\n\/* custom css *\/\n.tdi_6_f7a{\r\n                    vertical-align: baseline;\r\n                }\n<\/style><div class=\"wpb_wrapper\"><div class=\"wpb_wrapper td_block_single_image td_block_wrap  td-no-img-custom-url td_block_wrap vc_single_image tdi_7_747  td-single-image- td-pb-border-top td_block_template_4\"><a \r\n\t\t\tclass=\"td_single_image_bg\" \r\n\t\t\tstyle=\"background-image: url('https:\/\/www.ciasfe1.org\/website\/wp-content\/uploads\/2020\/12\/2.jpg'); background-size: 100% auto; background-repeat: no-repeat; background-position: center center;\" \r\n\t\t\thref=\"#\"  \r\n\t\t\trel=\"bookmark\"><\/a>\n<style>\n\/* custom css *\/\n.tdi_7_747 .td_single_image_bg{\r\n\t\t\t\t\theight: 200px;\r\n\t\t\t\t\tpadding-bottom: 0;\r\n\t\t\t\t\r\n                    filter: brightness(1.1) contrast(1) saturate(1);\r\n                    transition: all 1s ease;\r\n                    -webkit-transition: all 1s ease;\r\n                }.tdi_7_747:hover .td_single_image_bg:before{\r\n                    opacity: 0;\r\n                }@media (min-width: 1141px) {\r\n                    .tdi_7_747:hover .td_single_image_bg {\r\n                        filter: brightness(1) contrast(1) saturate(1);\r\n                    }\r\n                }\n<\/style><\/div><\/div><\/div><\/div><\/div><div id=\"tdi_8_669\" class=\"tdc-row\"><div class=\"vc_row tdi_9_def  wpb_row td-pb-row\" >\n<style scoped>\n\n\/* custom css *\/\n.tdi_9_def{\r\n                    min-height: 0;\r\n                }\n<\/style><div class=\"vc_column tdi_11_c1d  wpb_column vc_column_container tdc-column td-pb-span6\">\n<style scoped>\n\n\/* custom css *\/\n.tdi_11_c1d{\r\n                    vertical-align: baseline;\r\n                }\n<\/style><div class=\"wpb_wrapper\"><div class=\"td_block_wrap td_block_text_with_title tdi_12_461 tagdiv-type td-pb-border-top td_block_template_1\"  data-td-block-uid=\"tdi_12_461\" ><div class=\"td-block-title-wrap\"><h4 class=\"block-title td-block-title\"><span class=\"td-pulldown-size\">Primera Circunscripci\u00f3n<\/span><\/h4><\/div><div class=\"td_mod_wrap td-fix-index\"><div class=\"importante\">\n<div>\n<p><strong>Ubicaci\u00f3n geogr\u00e1fica de la sede del Colegio de Ingenieros Agr\u00f3nomos &#8211; 1\u00ba Circunscripci\u00f3n en Santa Fe.<\/strong><\/p>\n<\/div>\n<ul>\n<li class=\"flecha_ubicacion\"><strong>Direcci\u00f2n:<\/strong> Av. Urquiza 1649 &#8211; C.P 3000 &#8211; Santa Fe, Santa Fe. Argentina<\/li>\n<li class=\"flecha_ubicacion\"><strong>Tel:<\/strong> (0342) 4583729 \/84<\/li>\n<li class=\"flecha_ubicacion\"><strong>Email<\/strong>: ciasfe1@ciasfe1.org \/ administraci\u00f3n@ciasfe1.org<\/li>\n<li class=\"flecha_ubicacion\"><strong>Horario:<\/strong> lunes a viernes de 7:30 a 13.30 hs.<\/li>\n<\/ul>\n<p><img loading=\"lazy\" decoding=\"async\" class=\"alignleft wp-image-519\" src=\"https:\/\/www.ciasfe1.org\/website\/wp-content\/uploads\/2020\/12\/79dc31280371b8ffbe56ec656418e122-150x150.png\" alt=\"\" width=\"40\" height=\"40\" srcset=\"https:\/\/www.ciasfe1.org\/website\/wp-content\/uploads\/2020\/12\/79dc31280371b8ffbe56ec656418e122-150x150.png 150w, https:\/\/www.ciasfe1.org\/website\/wp-content\/uploads\/2020\/12\/79dc31280371b8ffbe56ec656418e122-300x300.png 300w, https:\/\/www.ciasfe1.org\/website\/wp-content\/uploads\/2020\/12\/79dc31280371b8ffbe56ec656418e122-420x420.png 420w, https:\/\/www.ciasfe1.org\/website\/wp-content\/uploads\/2020\/12\/79dc31280371b8ffbe56ec656418e122-356x364.png 356w, https:\/\/www.ciasfe1.org\/website\/wp-content\/uploads\/2020\/12\/79dc31280371b8ffbe56ec656418e122.png 640w\" sizes=\"auto, (max-width: 40px) 100vw, 40px\" \/><em>Pod\u00e9s escribirnos por Whatsapp al n\u00famero:<\/em><br \/>\n<strong><em>+54 9 342 4308381<\/em><\/strong><\/p>\n<\/div>\n<\/div><\/div><div class=\"td_block_wrap td_block_title tdi_13_744 td-pb-border-top td_block_template_10 td-fix-index\"  data-td-block-uid=\"tdi_13_744\" >\n<style>\n\n\/* inline tdc_css att *\/\n\n.tdi_13_744{\nmargin-bottom:0px !important;\npadding-bottom:0px !important;\nborder-style:solid !important;\nborder-color:#888888 !important;\nborder-width: 0px 0px 0px 0px !important;\n}\n\n<\/style><h4 class=\"td-block-title\"><span class=\"td-pulldown-size\">El CIASFE1 en las redes sociales:<\/span><\/h4><\/div><div class=\"tdm_block td_block_wrap tdm_block_socials tdi_14_622 tdm-content-horiz-left td-pb-border-top td_block_template_4\"  data-td-block-uid=\"tdi_14_622\" >\n<style>\n\n\/* inline tdc_css att *\/\n\n.tdi_14_622{\nmargin-bottom:40px !important;\nborder-color:#ededed !important;\nborder-style:solid !important;\nborder-width: 0px 0px 0px 0px !important;\n}\n\n<\/style>\n<style>\n.tdi_15_4f6 .tdm-social-item i{\r\n\t\t\t\t\tfont-size: 26px;\r\n\t\t\t\t\tvertical-align: middle;\r\n\t\t\t\t\r\n\t\t\t\t\tline-height: 54.6px;\r\n\t\t\t\t}.tdi_15_4f6 .tdm-social-item i.td-icon-twitter,\r\n\t\t\t\t.tdi_15_4f6 .tdm-social-item i.td-icon-linkedin,\r\n\t\t\t\t.tdi_15_4f6 .tdm-social-item i.td-icon-pinterest,\r\n\t\t\t\t.tdi_15_4f6 .tdm-social-item i.td-icon-blogger,\r\n\t\t\t\t.tdi_15_4f6 .tdm-social-item i.td-icon-vimeo{\r\n\t\t\t\t\tfont-size: 20.8px;\r\n\t\t\t\t}.tdi_15_4f6 .tdm-social-item{\r\n\t\t\t\t\twidth: 54.6px;\r\n\t\t\t\t\theight: 54.6px;\r\n\t\t\t\t\r\n\t\t\t\t    margin: 5px 10px 5px 0;\r\n\t\t\t\t}.tdi_15_4f6 .tdm-social-item-wrap:last-child .tdm-social-item{\r\n\t\t\t\t    margin-right: 0 !important;\r\n\t\t\t\t}.tdi_15_4f6 .tdm-social-text{\r\n\t\t\t\t\tdisplay: none;\r\n\t\t\t\t\r\n\t\t\t\t\tmargin-left: 2px;\r\n\t\t\t\t\r\n\t\t\t\t\tmargin-right: 18px;\r\n\t\t\t\t}\n<\/style><div class=\"tdm-social-wrapper tds-social1 tdi_15_4f6\"><div class=\"tdm-social-item-wrap\"><a href=\"https:\/\/www.facebook.com\/ciasfe1\"  target=\"_blank\" class=\"tdm-social-item\"><i class=\"td-icon-font td-icon-facebook\"><\/i><\/a><a href=\"https:\/\/www.facebook.com\/ciasfe1\"  target=\"_blank\" class=\"tdm-social-text\">Facebook<\/a><\/div><div class=\"tdm-social-item-wrap\"><a href=\"https:\/\/www.instagram.com\/ciasfe1\/\"  target=\"_blank\" class=\"tdm-social-item\"><i class=\"td-icon-font td-icon-instagram\"><\/i><\/a><a href=\"https:\/\/www.instagram.com\/ciasfe1\/\"  target=\"_blank\" class=\"tdm-social-text\">Instagram<\/a><\/div><div class=\"tdm-social-item-wrap\"><a href=\"https:\/\/soundcloud.com\/ciasfe\"  target=\"_blank\" class=\"tdm-social-item\"><i class=\"td-icon-font td-icon-soundcloud\"><\/i><\/a><a href=\"https:\/\/soundcloud.com\/ciasfe\"  target=\"_blank\" class=\"tdm-social-text\">Soundcloud<\/a><\/div><div class=\"tdm-social-item-wrap\"><a href=\"https:\/\/twitter.com\/ciasfe_1\"  target=\"_blank\" class=\"tdm-social-item\"><i class=\"td-icon-font td-icon-twitter\"><\/i><\/a><a href=\"https:\/\/twitter.com\/ciasfe_1\"  target=\"_blank\" class=\"tdm-social-text\">Twitter<\/a><\/div><div class=\"tdm-social-item-wrap\"><a href=\"https:\/\/www.youtube.com\/channel\/UCzw_yhAfZ1PqLxbFzUOXcGA\"  target=\"_blank\" class=\"tdm-social-item\"><i class=\"td-icon-font td-icon-youtube\"><\/i><\/a><a href=\"https:\/\/www.youtube.com\/channel\/UCzw_yhAfZ1PqLxbFzUOXcGA\"  target=\"_blank\" class=\"tdm-social-text\">Youtube<\/a><\/div><\/div><\/div><\/div><\/div><div class=\"vc_column tdi_17_1ef  wpb_column vc_column_container tdc-column td-pb-span6\">\n<style scoped>\n\n\/* custom css *\/\n.tdi_17_1ef{\r\n                    vertical-align: baseline;\r\n                }\n<\/style><div class=\"wpb_wrapper\"><div class=\"wpb_wrapper td_block_single_image td_block_wrap  td-no-img-custom-url td_block_wrap vc_single_image tdi_18_b64  td-single-image- td-pb-border-top td_block_template_4\"><a \r\n\t\t\tclass=\"td_single_image_bg\" \r\n\t\t\tstyle=\"background-image: url('https:\/\/www.ciasfe1.org\/website\/wp-content\/uploads\/2020\/12\/imgagen-1c.jpg'); background-size: contain; background-repeat: no-repeat; background-position: center center;\" \r\n\t\t\thref=\"#\"  \r\n\t\t\trel=\"bookmark\"><\/a>\n<style>\n\/* custom css *\/\n.tdi_18_b64 .td_single_image_bg{\r\n\t\t\t\t\theight: 390px;\r\n\t\t\t\t\tpadding-bottom: 0;\r\n\t\t\t\t}.tdi_18_b64:hover .td_single_image_bg:before{\r\n                    opacity: 0;\r\n                }\n<\/style><\/div><\/div><\/div><\/div><\/div><\/div><\/div>","protected":false},"excerpt":{"rendered":"","protected":false},"author":1,"featured_media":0,"parent":0,"menu_order":0,"comment_status":"closed","ping_status":"closed","template":"","meta":{"footnotes":""},"class_list":["post-525","page","type-page","status-publish"],"_links":{"self":[{"href":"https:\/\/www.ciasfe1.org\/website\/wp-json\/wp\/v2\/pages\/525","targetHints":{"allow":["GET"]}}],"collection":[{"href":"https:\/\/www.ciasfe1.org\/website\/wp-json\/wp\/v2\/pages"}],"about":[{"href":"https:\/\/www.ciasfe1.org\/website\/wp-json\/wp\/v2\/types\/page"}],"author":[{"embeddable":true,"href":"https:\/\/www.ciasfe1.org\/website\/wp-json\/wp\/v2\/users\/1"}],"replies":[{"embeddable":true,"href":"https:\/\/www.ciasfe1.org\/website\/wp-json\/wp\/v2\/comments?post=525"}],"version-history":[{"count":7,"href":"https:\/\/www.ciasfe1.org\/website\/wp-json\/wp\/v2\/pages\/525\/revisions"}],"predecessor-version":[{"id":914,"href":"https:\/\/www.ciasfe1.org\/website\/wp-json\/wp\/v2\/pages\/525\/revisions\/914"}],"wp:attachment":[{"href":"https:\/\/www.ciasfe1.org\/website\/wp-json\/wp\/v2\/media?parent=525"}],"curies":[{"name":"wp","href":"https:\/\/api.w.org\/{rel}","templated":true}]}}