{"id":403,"date":"2020-05-21T11:03:46","date_gmt":"2020-05-21T14:03:46","guid":{"rendered":"https:\/\/www.ciasfe1.org\/website\/?page_id=403"},"modified":"2025-02-11T12:14:50","modified_gmt":"2025-02-11T15:14:50","slug":"nuestra-historia","status":"publish","type":"page","link":"https:\/\/www.ciasfe1.org\/website\/nuestra-historia\/","title":{"rendered":"Nuestra Historia"},"content":{"rendered":"<div id=\"tdi_1_460\" class=\"tdc-zone\"><div class=\"tdc_zone tdi_2_b2c  wpb_row td-pb-row\"  >\n<style scoped>\n\n\/* custom css *\/\n.tdi_2_b2c{\r\n                    min-height: 0;\r\n                }\n<\/style><div id=\"tdi_3_161\" class=\"tdc-row\"><div class=\"vc_row tdi_4_1ca  wpb_row td-pb-row\" >\n<style scoped>\n\n\/* custom css *\/\n.tdi_4_1ca{\r\n                    min-height: 0;\r\n                }\n<\/style><div class=\"vc_column tdi_6_4ca  wpb_column vc_column_container tdc-column td-pb-span12\">\n<style scoped>\n\n\/* custom css *\/\n.tdi_6_4ca{\r\n                    vertical-align: baseline;\r\n                }\n<\/style><div class=\"wpb_wrapper\"><div class=\"wpb_wrapper td_block_single_image td_block_wrap  td-no-img-custom-url td_block_wrap vc_single_image tdi_7_a40  td-single-image-style-rounded td-pb-border-top td_block_template_4\"><a \r\n\t\t\tclass=\"td_single_image_bg\" \r\n\t\t\tstyle=\"background-image: url('https:\/\/www.ciasfe1.org\/website\/wp-content\/uploads\/2020\/12\/handsholdingseedling_on_black_9034159-scaled.jpg'); background-size: 100% auto; background-repeat: no-repeat; background-position: center center;\" \r\n\t\t\thref=\"#\"  \r\n\t\t\trel=\"bookmark\"><\/a>\n<style>\n\/* custom css *\/\n.tdi_7_a40 .td_single_image_bg{\r\n\t\t\t\t\theight: 200px;\r\n\t\t\t\t\tpadding-bottom: 0;\r\n\t\t\t\t\r\n                    filter: brightness(1.1) contrast(1) saturate(1);\r\n                    transition: all 1s ease;\r\n                    -webkit-transition: all 1s ease;\r\n                }.tdi_7_a40:hover .td_single_image_bg:before{\r\n                    opacity: 0;\r\n                }@media (min-width: 1141px) {\r\n                    .tdi_7_a40:hover .td_single_image_bg {\r\n                        filter: brightness(1) contrast(1) saturate(1);\r\n                    }\r\n                }\n<\/style><\/div><div class=\"td_block_wrap td_block_text_with_title tdi_8_6fa tagdiv-type td-pb-border-top td_block_template_1\"  data-td-block-uid=\"tdi_8_6fa\" ><div class=\"td-block-title-wrap\"><h4 class=\"block-title td-block-title\"><span class=\"td-pulldown-size\">Nuestra Historia<\/span><\/h4><\/div><div class=\"td_mod_wrap td-fix-index\"><p>&nbsp;<\/p>\n<div class=\"importante\"><a title=\"ESTATUTO\" href=\"https:\/\/www.ciasfe1.org\/website\/wp-content\/uploads\/2025\/02\/Estatuto-09-10-17.pdf\">** ACTUALIZACION IMPORTANTE DESCARGAR PDF:\u00a0<strong>ESTATUTO CIASFE DECRETO 3001-17<\/strong><\/a><\/div>\n<div><\/div>\n<div>\n<\/div>\n<p class=\"seccion_destacar\"><strong>Ley n\u00ba 10.780<\/strong><\/p>\n<p>LEY NRO. 10780 &#8211; CREACI\u00d3N DEL COLEGIO DE INGENIEROS AGR\u00d3NOMOS Aprobada el 29 de noviembre de 1991<\/p>\n<p><strong>LA LEGISLATURA DE LA PROVINCIA SANTA FE SANCIONA CON FUERZA DE L E Y: DEL COLEGIO DE INGENIEROS AGRONOMOS DE LA PROVINCIA DE SANTA FE<\/strong><\/p>\n<p class=\"seccion_destacar\"><strong>Cap\u00edtulo I: CREACI\u00d3N Y R\u00c9GIMEN LEGAL<\/strong><\/p>\n<p><strong>Art\u00edculo 1:\u00a0<\/strong>Cr\u00e9ase en la Provincia de Santa Fe, el Colegio de Ingenieros Agr\u00f3nomos, el que funcionar\u00e1 con el car\u00e1cter de persona jur\u00eddica de derecho privado en ejercicio de funciones p\u00fablicas.<\/p>\n<p><strong>A los efectos de su funcionamiento se divide en cuatro Circunscripciones, a saber:<\/strong><\/p>\n<p>La primera con asiento en Santa Fe, comprender\u00e1 los departamentos La Capital, San Jer\u00f3nimo, San Mart\u00edn, Las Colonias, Castellanos, San Justo, Garay, San Crist\u00f3bal y 9 de Julio.<\/p>\n<p>La segunda, con asiento en Rosario, comprender\u00e1 los departamentos Rosario, San Lorenzo, Constituci\u00f3n, Iriondo, Caseros y Belgrano.<\/p>\n<p>La tercera, con asiento en Reconquista, comprender\u00e1 los departamentos General Obligado, San Javier y Vera.<\/p>\n<p>La cuarta, con asiento en Venado Tuerto comprender\u00e1 el departamento General L\u00f3pez.<\/p>\n<p><strong>Art\u00edculo 2:<\/strong>\u00a0La organizaci\u00f3n y funcionamiento del Colegio de Ingenieros Agr\u00f3nomos se regir\u00e1 por la presente Ley, su reglamentaci\u00f3n; por los Estatutos, Reglamentos Internos y C\u00f3digo de \u00c9tica Profesionales, que en consecuencia se dicten, y por las resoluciones que las instancias org\u00e1nicas del Colegio adopten en el ejercicio de sus atribuciones.<\/p>\n<p class=\"seccion_destacar\"><strong>Cap\u00edtulo II: OBJETO &#8211; ATRIBUCIONES &#8211; MIEMBROS<\/strong><\/p>\n<p><strong>Art\u00edculo 3<\/strong>: El Colegio tiene por objeto velar por el cumplimiento de la presente Ley; representar y defender a los colegiados asegurando el decoro, la independencia e individualidad de la profesi\u00f3n, as\u00ed como colaborar con los poderes p\u00fablicos, con el objeto de cumplimentar las finalidades sociales de la actividad profesional.<\/p>\n<p><strong>Art\u00edculo 4:<\/strong>\u00a0A los efectos enunciados, el Colegio de Ingenieros Agr\u00f3nomos llevar\u00e1 el control de la matr\u00edcula, redactar\u00e1 sus Estatutos y el C\u00f3digo de \u00c9tica Profesional, y tendr\u00e1 facultades disciplinarias sobre sus colegiados.<\/p>\n<p><strong>Art\u00edculo 5:\u00a0<\/strong>Son miembros del Colegio de Ingenieros Agr\u00f3nomos de la Provincia de Santa Fe, qui\u00e9nes ejerzan dicha profesi\u00f3n en el \u00e1mbito de su territorio y con arreglo a las disposiciones de la presente Ley.<\/p>\n<p class=\"seccion_destacar\"><strong>Cap\u00edtulo III: DEL GOBIERNO DEL COLEGIO<\/strong><\/p>\n<p><strong>Art\u00edculo 6<\/strong>: El gobierno del Colegio ser\u00e1 ejercido por:<\/p>\n<p>a) Las Asambleas Ordinarias y Extraordinarias.<br \/>\nb) El Directorio.<br \/>\nc) El Tribunal de Disciplina y \u00c9tica Profesional.<\/p>\n<p><strong>Art\u00edculo 7:<\/strong>\u00a0El desempe\u00f1o de los cargos en los Consejos Directivos y en el Tribunal de Disciplina, es obligatorio, salvo dispensa otorgada por el propio \u00f3rgano a petici\u00f3n fundada del interesado.<\/p>\n<p class=\"seccion_destacar\"><strong>Cap\u00edtulo IV: DE LOS ESTATUTOS Y FUNCIONAMIENTO<\/strong><\/p>\n<p><strong>Art\u00edculo 8:<\/strong>\u00a0El Ministerio de Gobierno de la Provincia de Santa Fe, dentro de los noventa (90) d\u00edas de vigencia de la presente Ley, convocar\u00e1 la primera Asamblea Extraordinaria, en la cual se elegir\u00e1 el primer Consejo Directivo y el Tribunal de Disciplina y \u00c9tica Profesional.<\/p>\n<p><strong>Art\u00edculo 9:\u00a0<\/strong>Dentro de los noventa (90) d\u00edas de constituido el Consejo Directivo, \u00e9ste convocar\u00e1 a una nueva Asamblea Extraordinaria, en la que pondr\u00e1 a consideraci\u00f3n el respectivo Proyecto de Estatuto.<\/p>\n<p>La convocatoria deber\u00e1 hacerse con una antelaci\u00f3n no menor de quince (15) d\u00edas a la fecha de realizaci\u00f3n de la Asamblea y efectuarse la publicaci\u00f3n de la misma en un diario de circulaci\u00f3n provincial, durante tres (3) d\u00edas consecutivos. Tendr\u00e1n voz y voto todos los colegiados con matr\u00edcula vigente, conforme lo previsto en el Cap\u00edtulo pertinente. La Asamblea podr\u00e1 sesionar a la hora fijada en la convocatoria con un tercio de los colegiados habilitados presentes, y media hora despu\u00e9s con la cantidad que se halle presente, siempre que la misma supere al de miembros del Consejo Directivo. Las decisiones que se adopten ser\u00e1n por mayor\u00eda simple.<\/p>\n<p><strong>Art\u00edculo 10<\/strong>: El Estatuto contendr\u00e1, como m\u00ednimo:<\/p>\n<p>a) Las normas sobre Asambleas Ordinarias y Extraordinarias, tanto respecto a convocatorias, casos, qu\u00f3rum, mayor\u00eda, modalidades del voto, sanciones y dem\u00e1s especificaciones correspondientes.<\/p>\n<p>b) Los preceptos sobre organizaci\u00f3n y funcionamiento del Consejo Directivo, estableciendo sus miembros componentes, cargos, modalidad de elecci\u00f3n, qu\u00f3rum, mayor\u00edas, reelecciones, requisitos de elegibilidad, facultades del cuerpo y dem\u00e1s atribuciones correspondientes.<\/p>\n<p>c) El art\u00edculo atinente a la constituci\u00f3n y funcionamiento del Tribunal de Disciplina y \u00c9tica Profesionales, en cuanto a n\u00famero de miembros; excusaciones y recusaciones; causales y clase de sanciones, recursos y toda otra provisi\u00f3n pertinente.<\/p>\n<p>d) La regulaci\u00f3n de los requisitos de adquisici\u00f3n y p\u00e9rdida de la matr\u00edcula profesional.<\/p>\n<p>e) Toda otra norma concerniente a la organizaci\u00f3n y funcionamiento del Colegio.<\/p>\n<p><strong>Art\u00edculo 11:<\/strong>\u00a0L a matriculaci\u00f3n es el acto por el cual el Colegio otorga la autorizaci\u00f3n para el ejercicio de la profesi\u00f3n, previa inscripci\u00f3n y registro del t\u00edtulo de la matr\u00edcula que a esos efectos llevar\u00e1 el Colegio.<\/p>\n<p>Dicha autorizaci\u00f3n se materializar\u00e1 con la entrega de la correspondiente credencial, en la que deber\u00e1n constar los datos relativos a la matr\u00edcula.<\/p>\n<p>Art\u00edculo 12: Para tener derecho a la inscripci\u00f3n en la matr\u00edcula se requerir\u00e1:<\/p>\n<p>a) Fijar domicilio legal a los efectos del ejercicio profesional en el o los distritos donde realizar\u00e1 habitualmente su actividad.<\/p>\n<p>b) Presentar el t\u00edtulo original o certificado legalizado, otorgado por la Universidad.<\/p>\n<p class=\"seccion_destacar\"><strong>Cap\u00edtulo V: DE LOS RECURSOS DEL COLEGIO<\/strong><\/p>\n<p><strong>Art\u00edculo 13:<\/strong>\u00a0Son recursos del Colegio:<\/p>\n<p>a) Los derechos de Inscripci\u00f3n y reinscripci\u00f3n en la matr\u00edcula.<br \/>\nb) Las cuotas ordinarias y extraordinarias que dispongan las Asambleas.<br \/>\nc) Legados, donaciones y subvenciones.<br \/>\nd) Los dem\u00e1s ingresos no prohibidos.<\/p>\n<p><strong>Art\u00edculo 14:<\/strong>\u00a0Los fondos del Colegio se deber\u00e1n depositar en una instituci\u00f3n bancaria de la provincia, a orden, como m\u00ednimo de dos miembros del Directorio.<\/p>\n<p class=\"seccion_destacar\"><strong>Cap\u00edtulo VI: DISPOSICIONES TRANSITORIAS Y COMPLEMENTARIAS<\/strong><\/p>\n<p><strong>Art\u00edculo 15:<\/strong>\u00a0Dentro de los treinta (30) d\u00edas de puesto en funcionamiento el Colegio de Ingenieros Agr\u00f3nomos de la Provincia de Santa Fe, se constituir\u00e1 una Comisi\u00f3n Especial de An\u00e1lisis del Personal y Patrimonio, integrada por nueve (9) miembros, cuatro (4) de los cuales representar\u00e1n al Colegio de Ingenieros Agr\u00f3nomos, cuatro (4) al Consejo de ingenieros, y uno (1) a propuesta del Poder Ejecutivo Provincial que la presidir\u00e1; la que en el plazo m\u00e1ximo de ciento ochenta (180) d\u00edas deber\u00e1 expedirse sobre la reubicaci\u00f3n del personal que presta servicios en cada una de las Circunscripciones del Consejo de Ingenieros a la fecha de vigencia de esta ley, y fijar\u00e1 la parte proporcional del mismo aportado por los Ingenieros Agr\u00f3nomos en el ejercicio profesional para su posterior transferencia al Colegio que se crea por esta ley conforme a lo siguiente:<\/p>\n<p>a) El personal dependiente del Consejo de Ingenieros de la Provincia de Santa Fe, que presta servicios en cada una de las Circunscripciones ser\u00e1 reubicado en una proporci\u00f3n relacionada con el monto de los aportes que efect\u00faen los Ingenieros Agr\u00f3nomos y su incidencia en el total de la masa salarial que a esa fecha liquide el Consejo de Ingenieros. Asimismo el personal transferido no perder\u00e1 ninguno de los derechos adquiridos emergentes de su contrato de trabajo originario, manteniendo el escalaf\u00f3n que detente, su antig\u00fcedad, radicaci\u00f3n y todos los derechos que se deriven. En cualquier caso, para que se pueda operar la transferencia o cesi\u00f3n del personal deber\u00e1 contarse con la aceptaci\u00f3n expresa y por escrito de cada trabajador, la que deber\u00e1 ser homologada ante los tribunales de trabajo de la Provincia de Santa Fe, debiendo propender a la armon\u00eda de las estructuras administrativas respectivas.<\/p>\n<p>b) Las sumas dinerarias resultantes, dentro de los quince (15) d\u00edas de su determinaci\u00f3n.<\/p>\n<p>c) Los bienes muebles, dentro de los sesenta (60) d\u00edas de practicado el correspondiente inventario y aval\u00fao, y de un modo que facilite el adecuado funcionamiento del Colegio creado, sin afectar la actividad normal del Consejo de Ingenieros.<\/p>\n<p>d) Los bienes inmuebles, s\u00f3lo podr\u00e1n ser enajenados, si su divisi\u00f3n f\u00edsica resultara imposible, despu\u00e9s de diez (10) a\u00f1os de vigencia de esta ley, pero s\u00f3lo de un modo que evite toda p\u00e9rdida de los valores econ\u00f3micos, culturales, arquitect\u00f3nicos o edilicios de los mismos y su producido distribuido en id\u00e9ntica proporci\u00f3n a la determinada por la Comisi\u00f3n Especial de An\u00e1lisis del Personal y Patrimonio.<\/p>\n<p>e) Hasta tanto se constituya definitivamente el Colegio de Ingenieros Agr\u00f3nomos de la Provincia de Santa Fe, el actual Consejo de Ingenieros continuar\u00e1 como encargado del control de la matr\u00edcula.<\/p>\n<p><strong>Art\u00edculo 16:<\/strong>\u00a0El uso de los inmuebles durante el plazo de indisponibilidad patrimonial ser\u00e1 ejercido en la forma que se reglamentar\u00e1 por el Poder Ejecutivo Provincial, el que a su vez resolver\u00e1 toda otra cuesti\u00f3n o controversia que se suscite entre las partes, de resultas de la aplicaci\u00f3n esta ley, en lo relativo a aspectos del personal o patrimonial. La reglamentaci\u00f3n deber\u00e1 ser dictada dentro de los sesenta (60) d\u00edas de vigencia de esta ley.<\/p>\n<p><strong>Art\u00edculo 17:<\/strong>\u00a0Der\u00f3gase toda norma legal, convencional o reglamentaria que se opusiere a lo establecido de \u00e9sta ley.<\/p>\n<p><strong>Art\u00edculo 18:<\/strong>\u00a0Comun\u00edquese al Poder Ejecutivo.<\/p>\n<p>Aprobada el 29 de noviembre de 1991 Fdo: Gaziano, Malaponte, Caballero Mart\u00edn, Harispe, Storani, Bilicich, Quijano.<\/p>\n<\/div><\/div><\/div><\/div><\/div><\/div><\/div><\/div>","protected":false},"excerpt":{"rendered":"","protected":false},"author":1,"featured_media":0,"parent":0,"menu_order":0,"comment_status":"closed","ping_status":"open","template":"","meta":{"footnotes":""},"class_list":["post-403","page","type-page","status-publish"],"_links":{"self":[{"href":"https:\/\/www.ciasfe1.org\/website\/wp-json\/wp\/v2\/pages\/403","targetHints":{"allow":["GET"]}}],"collection":[{"href":"https:\/\/www.ciasfe1.org\/website\/wp-json\/wp\/v2\/pages"}],"about":[{"href":"https:\/\/www.ciasfe1.org\/website\/wp-json\/wp\/v2\/types\/page"}],"author":[{"embeddable":true,"href":"https:\/\/www.ciasfe1.org\/website\/wp-json\/wp\/v2\/users\/1"}],"replies":[{"embeddable":true,"href":"https:\/\/www.ciasfe1.org\/website\/wp-json\/wp\/v2\/comments?post=403"}],"version-history":[{"count":10,"href":"https:\/\/www.ciasfe1.org\/website\/wp-json\/wp\/v2\/pages\/403\/revisions"}],"predecessor-version":[{"id":2949,"href":"https:\/\/www.ciasfe1.org\/website\/wp-json\/wp\/v2\/pages\/403\/revisions\/2949"}],"wp:attachment":[{"href":"https:\/\/www.ciasfe1.org\/website\/wp-json\/wp\/v2\/media?parent=403"}],"curies":[{"name":"wp","href":"https:\/\/api.w.org\/{rel}","templated":true}]}}